{"id":12998,"date":"2023-06-23T04:40:14","date_gmt":"2023-06-23T02:40:14","guid":{"rendered":"https:\/\/v2.fauxconcede.com\/?page_id=12998"},"modified":"2023-06-23T04:48:08","modified_gmt":"2023-06-23T02:48:08","slug":"1-autonome-meisterklasse","status":"publish","type":"page","link":"https:\/\/fauxconcede.com\/en\/1-autonome-meisterklasse\/","title":{"rendered":"1. Autonome Meisterklasse"},"content":{"rendered":"\t\t<div data-elementor-type=\"wp-page\" data-elementor-id=\"12998\" class=\"elementor elementor-12998\" data-elementor-post-type=\"page\">\n\t\t\t\t\t\t\t\t\t<section class=\"elementor-section elementor-top-section elementor-element elementor-element-b4ddb48 elementor-section-full_width elementor-section-height-default elementor-section-height-default\" data-id=\"b4ddb48\" data-element_type=\"section\">\n\t\t\t\t\t\t<div class=\"elementor-container elementor-column-gap-no\">\n\t\t\t\t\t<div class=\"elementor-column elementor-col-100 elementor-top-column elementor-element elementor-element-ae6a7bc\" data-id=\"ae6a7bc\" data-element_type=\"column\">\n\t\t\t<div class=\"elementor-widget-wrap elementor-element-populated\">\n\t\t\t\t\t\t\t\t<div class=\"elementor-element elementor-element-7c1b54c elementor-widget elementor-widget-vlt-showcase-12\" data-id=\"7c1b54c\" data-element_type=\"widget\" data-settings=\"{&quot;aos_animation_name&quot;:&quot;none&quot;}\" data-widget_type=\"vlt-showcase-12.default\">\n\t\t\t\t<div class=\"elementor-widget-container\">\n\t\t\t\n\t\t<div class=\"vlt-showcase vlt-showcase--style-12\">\n\n\t\t\t<div class=\"container-fluid g-0\">\n\n\t\t\t\t<div class=\"row g-0\">\n\n\t\t\t\t\t<div class=\"col-xl-6\">\n\n\t\t\t\t\t\t<ul class=\"vlt-showcase-list\">\n\n\t\t\t\t\t\t\t\n\t\t\t\t\t\t\t\t\n\t\t\t\t\t\t\t\t<li class=\"vlt-showcase-link\">\n\n\t\t\t\t\t\t\t\t\t\n\t\t\t\t\t\t\t\t\t\t<h2 class=\"vlt-showcase-title h1\">\n\n\t\t\t\t\t\t\t\t\t\t\t<a href=\"\/portfolio\/fruchtbarkeit\/\">\n\t\t\t\t\t\t\t\t\t\t\tFruchtbarkeit\n\t\t\t\t\t\t\t\t\t\t\t<\/a>\n\t\t\t\t\t\t\t\t\t\t<\/h2>\n\n\t\t\t\t\t\t\t\t\t\n\t\t\t\t\t\t\t\t\t\n\t\t\t\t\t\t\t\t\t\t<div class=\"vlt-showcase-category\">Thean Chie Chan<\/div>\n\n\t\t\t\t\t\t\t\t\t\n\t\t\t\t\t\t\t\t<\/li>\n\n\t\t\t\t\t\t\t\n\t\t\t\t\t\t\t\t\n\t\t\t\t\t\t\t\t<li class=\"vlt-showcase-link\">\n\n\t\t\t\t\t\t\t\t\t\n\t\t\t\t\t\t\t\t\t\t<h2 class=\"vlt-showcase-title h1\">\n\n\t\t\t\t\t\t\t\t\t\t\t<a href=\"\/portfolio\/dao\/\">\n\t\t\t\t\t\t\t\t\t\t\tDao\n\t\t\t\t\t\t\t\t\t\t\t<\/a>\n\t\t\t\t\t\t\t\t\t\t<\/h2>\n\n\t\t\t\t\t\t\t\t\t\n\t\t\t\t\t\t\t\t\t\n\t\t\t\t\t\t\t\t\t\t<div class=\"vlt-showcase-category\">Ma Jia<\/div>\n\n\t\t\t\t\t\t\t\t\t\n\t\t\t\t\t\t\t\t<\/li>\n\n\t\t\t\t\t\t\t\n\t\t\t\t\t\t\t\t\n\t\t\t\t\t\t\t\t<li class=\"vlt-showcase-link\">\n\n\t\t\t\t\t\t\t\t\t\n\t\t\t\t\t\t\t\t\t\t<h2 class=\"vlt-showcase-title h1\">\n\n\t\t\t\t\t\t\t\t\t\t\t<a href=\"\/portfolio\/spiel-mit-florian-ueberraschungseier\/\">\n\t\t\t\t\t\t\t\t\t\t\tSpiel mit Florian\n\t\t\t\t\t\t\t\t\t\t\t<\/a>\n\t\t\t\t\t\t\t\t\t\t<\/h2>\n\n\t\t\t\t\t\t\t\t\t\n\t\t\t\t\t\t\t\t\t\n\t\t\t\t\t\t\t\t\t\t<div class=\"vlt-showcase-category\">Karl Karner<\/div>\n\n\t\t\t\t\t\t\t\t\t\n\t\t\t\t\t\t\t\t<\/li>\n\n\t\t\t\t\t\t\t\n\t\t\t\t\t\t\t\t\n\t\t\t\t\t\t\t\t<li class=\"vlt-showcase-link\">\n\n\t\t\t\t\t\t\t\t\t\n\t\t\t\t\t\t\t\t\t\t<h2 class=\"vlt-showcase-title h1\">\n\n\t\t\t\t\t\t\t\t\t\t\t<a href=\"\/portfolio\/blasenkopf\/\">\n\t\t\t\t\t\t\t\t\t\t\tBlasenkopf\n\t\t\t\t\t\t\t\t\t\t\t<\/a>\n\t\t\t\t\t\t\t\t\t\t<\/h2>\n\n\t\t\t\t\t\t\t\t\t\n\t\t\t\t\t\t\t\t\t\n\t\t\t\t\t\t\t\t\t\t<div class=\"vlt-showcase-category\">Alfredo Barsuglia<\/div>\n\n\t\t\t\t\t\t\t\t\t\n\t\t\t\t\t\t\t\t<\/li>\n\n\t\t\t\t\t\t\t\n\t\t\t\t\t\t\t\t\n\t\t\t\t\t\t\t\t<li class=\"vlt-showcase-link\">\n\n\t\t\t\t\t\t\t\t\t\n\t\t\t\t\t\t\t\t\t\t<h2 class=\"vlt-showcase-title h1\">\n\n\t\t\t\t\t\t\t\t\t\t\t<a href=\"\/portfolio\/cut-my-edge\/\">\n\t\t\t\t\t\t\t\t\t\t\tCUT MY EDGE\n\t\t\t\t\t\t\t\t\t\t\t<\/a>\n\t\t\t\t\t\t\t\t\t\t<\/h2>\n\n\t\t\t\t\t\t\t\t\t\n\t\t\t\t\t\t\t\t\t\n\t\t\t\t\t\t\t\t\t\t<div class=\"vlt-showcase-category\">Julia Frank<\/div>\n\n\t\t\t\t\t\t\t\t\t\n\t\t\t\t\t\t\t\t<\/li>\n\n\t\t\t\t\t\t\t\n\t\t\t\t\t\t\t\t\n\t\t\t\t\t\t\t\t<li class=\"vlt-showcase-link\">\n\n\t\t\t\t\t\t\t\t\t\n\t\t\t\t\t\t\t\t\t\t<h2 class=\"vlt-showcase-title h1\">\n\n\t\t\t\t\t\t\t\t\t\t\t<a href=\"\/portfolio\/grid-x-nr-1-strukturierte-raumbiegung\/\">\n\t\t\t\t\t\t\t\t\t\t\t[grid]x Nr.1\n\t\t\t\t\t\t\t\t\t\t\t<\/a>\n\t\t\t\t\t\t\t\t\t\t<\/h2>\n\n\t\t\t\t\t\t\t\t\t\n\t\t\t\t\t\t\t\t\t\n\t\t\t\t\t\t\t\t\t\t<div class=\"vlt-showcase-category\">Wolfgang Becksteiner<\/div>\n\n\t\t\t\t\t\t\t\t\t\n\t\t\t\t\t\t\t\t<\/li>\n\n\t\t\t\t\t\t\t\n\t\t\t\t\t\t\t\t\n\t\t\t\t\t\t\t\t<li class=\"vlt-showcase-link\">\n\n\t\t\t\t\t\t\t\t\t\n\t\t\t\t\t\t\t\t\t\t<h2 class=\"vlt-showcase-title h1\">\n\n\t\t\t\t\t\t\t\t\t\t\t<a href=\"\/portfolio\/kette-iii-mundus-patet\/\">\n\t\t\t\t\t\t\t\t\t\t\tKette III\n\t\t\t\t\t\t\t\t\t\t\t<\/a>\n\t\t\t\t\t\t\t\t\t\t<\/h2>\n\n\t\t\t\t\t\t\t\t\t\n\t\t\t\t\t\t\t\t\t\n\t\t\t\t\t\t\t\t\t\t<div class=\"vlt-showcase-category\">Almut Reichenbach<\/div>\n\n\t\t\t\t\t\t\t\t\t\n\t\t\t\t\t\t\t\t<\/li>\n\n\t\t\t\t\t\t\t\n\t\t\t\t\t\t\t\t\n\t\t\t\t\t\t\t\t<li class=\"vlt-showcase-link\">\n\n\t\t\t\t\t\t\t\t\t\n\t\t\t\t\t\t\t\t\t\t<h2 class=\"vlt-showcase-title h1\">\n\n\t\t\t\t\t\t\t\t\t\t\t<a href=\"\/portfolio\/capture\/\">\n\t\t\t\t\t\t\t\t\t\t\tCapture\n\t\t\t\t\t\t\t\t\t\t\t<\/a>\n\t\t\t\t\t\t\t\t\t\t<\/h2>\n\n\t\t\t\t\t\t\t\t\t\n\t\t\t\t\t\t\t\t\t\n\t\t\t\t\t\t\t\t\t\t<div class=\"vlt-showcase-category\">Marit Wolters<\/div>\n\n\t\t\t\t\t\t\t\t\t\n\t\t\t\t\t\t\t\t<\/li>\n\n\t\t\t\t\t\t\t\n\t\t\t\t\t\t\t\t\n\t\t\t\t\t\t\t\t<li class=\"vlt-showcase-link\">\n\n\t\t\t\t\t\t\t\t\t\n\t\t\t\t\t\t\t\t\t\t<h2 class=\"vlt-showcase-title h1\">\n\n\t\t\t\t\t\t\t\t\t\t\t<a href=\"\/portfolio\/bar-lissa\/\">\n\t\t\t\t\t\t\t\t\t\t\tBAR LISSA\n\t\t\t\t\t\t\t\t\t\t\t<\/a>\n\t\t\t\t\t\t\t\t\t\t<\/h2>\n\n\t\t\t\t\t\t\t\t\t\n\t\t\t\t\t\t\t\t\t\n\t\t\t\t\t\t\t\t\t\t<div class=\"vlt-showcase-category\">Markus Proschek<\/div>\n\n\t\t\t\t\t\t\t\t\t\n\t\t\t\t\t\t\t\t<\/li>\n\n\t\t\t\t\t\t\t\n\t\t\t\t\t\t\t\t\n\t\t\t\t\t\t\t\t<li class=\"vlt-showcase-link\">\n\n\t\t\t\t\t\t\t\t\t\n\t\t\t\t\t\t\t\t\t\t<h2 class=\"vlt-showcase-title h1\">\n\n\t\t\t\t\t\t\t\t\t\t\t<a href=\"\/portfolio\/earthsky\/\">\n\t\t\t\t\t\t\t\t\t\t\tUnfinished (earth:sky)\n\t\t\t\t\t\t\t\t\t\t\t<\/a>\n\t\t\t\t\t\t\t\t\t\t<\/h2>\n\n\t\t\t\t\t\t\t\t\t\n\t\t\t\t\t\t\t\t\t\n\t\t\t\t\t\t\t\t\t\t<div class=\"vlt-showcase-category\">Bianca Phos<\/div>\n\n\t\t\t\t\t\t\t\t\t\n\t\t\t\t\t\t\t\t<\/li>\n\n\t\t\t\t\t\t\t\n\t\t\t\t\t\t\t\t\n\t\t\t\t\t\t\t\t<li class=\"vlt-showcase-link\">\n\n\t\t\t\t\t\t\t\t\t\n\t\t\t\t\t\t\t\t\t\t<h2 class=\"vlt-showcase-title h1\">\n\n\t\t\t\t\t\t\t\t\t\t\t<a href=\"\/portfolio\/lichtfeld\/\">\n\t\t\t\t\t\t\t\t\t\t\tLICHTFELD\n\t\t\t\t\t\t\t\t\t\t\t<\/a>\n\t\t\t\t\t\t\t\t\t\t<\/h2>\n\n\t\t\t\t\t\t\t\t\t\n\t\t\t\t\t\t\t\t\t\n\t\t\t\t\t\t\t\t\t\t<div class=\"vlt-showcase-category\">Robert Bodnar<\/div>\n\n\t\t\t\t\t\t\t\t\t\n\t\t\t\t\t\t\t\t<\/li>\n\n\t\t\t\t\t\t\t\n\t\t\t\t\t\t<\/ul>\n\n\t\t\t\t\t<\/div>\n\n\t\t\t\t\t<div class=\"col-xl-6 sticky-parent\">\n\n\t\t\t\t\t\t<div class=\"sticky-column\">\n\n\t\t\t\t\t\t\t<div class=\"vlt-showcase-info-wrapper\">\n\n\t\t\t\t\t\t\t\t<div class=\"vlt-showcase-info swiper-container\">\n\n\t\t\t\t\t\t\t\t\t<div class=\"swiper-wrapper\">\n\n\t\t\t\t\t\t\t\t\t\t\n\t\t\t\t\t\t\t\t\t\t\t\n\t\t\t\t\t\t\t\t\t\t\t<div class=\"swiper-slide\">\n\n\t\t\t\t\t\t\t\t\t\t\t\t<div class=\"vlt-showcase-item\">\n\n\t\t\t\t\t\t\t\t\t\t\t\t\t\n\t\t\t\t\t\t\t\t\t\t\t\t\t\t<div class=\"vlt-showcase-image\">\n\n\t\t\t\t\t\t\t\t\t\t\t\t\t\t\t<img decoding=\"async\" class=\"swiper-lazy\" src=\"\" data-src=\"https:\/\/fauxconcede.com\/wp-content\/uploads\/2023\/01\/01_fruchtbarkeit-e1676228058383.png\" alt=\"01_fruchtbarkeit\">\n\t\t\t\t\t\t\t\t\t\t\t\t\t\t\t<div class=\"swiper-lazy-preloader\"><\/div>\n\n\t\t\t\t\t\t\t\t\t\t\t\t\t\t<\/div>\n\n\t\t\t\t\t\t\t\t\t\t\t\t\t\n\t\t\t\t\t\t\t\t\t\t\t\t\t<div class=\"vlt-showcase-meta rc-showcase-meta\">\n\n\t\t\t\t\t\t\t\t\t\t\t\t\t\t\n\t\t\t\t\t\t\t\t\t\t\t\t\t\t\n\t\t\t\t\t\t\t\t\t\t\t\t\t\t\n\t\t\t\t\t\t\t\t\t\t\t\t\t\t\t<div>\n\t\t\t\t\t\t\t\t\t\t\t\t\t\t\t\t<h5 class=\"vlt-showcase-meta__title\">Datum<\/h5>\n\t\t\t\t\t\t\t\t\t\t\t\t\t\t\t\t<p class=\"vlt-showcase-meta__text\">01 Apr, 2021<\/p>\n\t\t\t\t\t\t\t\t\t\t\t\t\t\t\t<\/div>\n\n\t\t\t\t\t\t\t\t\t\t\t\t\t\t\n\t\t\t\t\t\t\t\t\t\t\t\t\t<\/div>\n\n\t\t\t\t\t\t\t\t\t\t\t\t\t\n\t\t\t\t\t\t\t\t\t\t\t\t\t\t<div class=\"vlt-showcase-content\">\n\t\t\t\t\t\t\t\t\t\t\t\t\t\t\t<p><b>Activity day:<\/b> 01\/04\/2021<br\/>\n<b>Time:<\/b> 00:00 \u2013 24:00<br\/>\n<b>Material:<\/b> Kalk, Sieb, Kerzen<\/p>\n\t\t\t\t\t\t\t\t\t\t\t\t\t\t<\/div>\n\n\t\t\t\t\t\t\t\t\t\t\t\t\t\n\t\t\t\t\t\t\t\t\t\t\t\t<\/div>\n\n\t\t\t\t\t\t\t\t\t\t\t<\/div>\n\n\t\t\t\t\t\t\t\t\t\t\n\t\t\t\t\t\t\t\t\t\t\t\n\t\t\t\t\t\t\t\t\t\t\t<div class=\"swiper-slide\">\n\n\t\t\t\t\t\t\t\t\t\t\t\t<div class=\"vlt-showcase-item\">\n\n\t\t\t\t\t\t\t\t\t\t\t\t\t\n\t\t\t\t\t\t\t\t\t\t\t\t\t\t<div class=\"vlt-showcase-image\">\n\n\t\t\t\t\t\t\t\t\t\t\t\t\t\t\t<img decoding=\"async\" class=\"swiper-lazy\" src=\"\" data-src=\"https:\/\/fauxconcede.com\/wp-content\/uploads\/2023\/02\/majia_skizze.png\" alt=\"majia_skizze\">\n\t\t\t\t\t\t\t\t\t\t\t\t\t\t\t<div class=\"swiper-lazy-preloader\"><\/div>\n\n\t\t\t\t\t\t\t\t\t\t\t\t\t\t<\/div>\n\n\t\t\t\t\t\t\t\t\t\t\t\t\t\n\t\t\t\t\t\t\t\t\t\t\t\t\t<div class=\"vlt-showcase-meta rc-showcase-meta\">\n\n\t\t\t\t\t\t\t\t\t\t\t\t\t\t\n\t\t\t\t\t\t\t\t\t\t\t\t\t\t\n\t\t\t\t\t\t\t\t\t\t\t\t\t\t\n\t\t\t\t\t\t\t\t\t\t\t\t\t\t\t<div>\n\t\t\t\t\t\t\t\t\t\t\t\t\t\t\t\t<h5 class=\"vlt-showcase-meta__title\">Datum<\/h5>\n\t\t\t\t\t\t\t\t\t\t\t\t\t\t\t\t<p class=\"vlt-showcase-meta__text\">01 Jun, 2021<\/p>\n\t\t\t\t\t\t\t\t\t\t\t\t\t\t\t<\/div>\n\n\t\t\t\t\t\t\t\t\t\t\t\t\t\t\n\t\t\t\t\t\t\t\t\t\t\t\t\t<\/div>\n\n\t\t\t\t\t\t\t\t\t\t\t\t\t\n\t\t\t\t\t\t\t\t\t\t\t\t\t\t<div class=\"vlt-showcase-content\">\n\t\t\t\t\t\t\t\t\t\t\t\t\t\t\t<p><b>Activity day: <\/b>01\/06\/2021<br\/>\n<b>Time: <\/b>06:00 \u2013 24:00<br\/>\n<b>Material: <\/b>42 Stahlrohre<\/p>\n\t\t\t\t\t\t\t\t\t\t\t\t\t\t<\/div>\n\n\t\t\t\t\t\t\t\t\t\t\t\t\t\n\t\t\t\t\t\t\t\t\t\t\t\t<\/div>\n\n\t\t\t\t\t\t\t\t\t\t\t<\/div>\n\n\t\t\t\t\t\t\t\t\t\t\n\t\t\t\t\t\t\t\t\t\t\t\n\t\t\t\t\t\t\t\t\t\t\t<div class=\"swiper-slide\">\n\n\t\t\t\t\t\t\t\t\t\t\t\t<div class=\"vlt-showcase-item\">\n\n\t\t\t\t\t\t\t\t\t\t\t\t\t\n\t\t\t\t\t\t\t\t\t\t\t\t\t\t<div class=\"vlt-showcase-image\">\n\n\t\t\t\t\t\t\t\t\t\t\t\t\t\t\t<img decoding=\"async\" class=\"swiper-lazy\" src=\"\" data-src=\"https:\/\/fauxconcede.com\/wp-content\/uploads\/2023\/01\/04_spiel_mit_florian.png\" alt=\"04_spiel_mit_florian\">\n\t\t\t\t\t\t\t\t\t\t\t\t\t\t\t<div class=\"swiper-lazy-preloader\"><\/div>\n\n\t\t\t\t\t\t\t\t\t\t\t\t\t\t<\/div>\n\n\t\t\t\t\t\t\t\t\t\t\t\t\t\n\t\t\t\t\t\t\t\t\t\t\t\t\t<div class=\"vlt-showcase-meta rc-showcase-meta\">\n\n\t\t\t\t\t\t\t\t\t\t\t\t\t\t\n\t\t\t\t\t\t\t\t\t\t\t\t\t\t\n\t\t\t\t\t\t\t\t\t\t\t\t\t\t\n\t\t\t\t\t\t\t\t\t\t\t\t\t\t\t<div>\n\t\t\t\t\t\t\t\t\t\t\t\t\t\t\t\t<h5 class=\"vlt-showcase-meta__title\">Datum<\/h5>\n\t\t\t\t\t\t\t\t\t\t\t\t\t\t\t\t<p class=\"vlt-showcase-meta__text\">01 Jul, 2021<\/p>\n\t\t\t\t\t\t\t\t\t\t\t\t\t\t\t<\/div>\n\n\t\t\t\t\t\t\t\t\t\t\t\t\t\t\n\t\t\t\t\t\t\t\t\t\t\t\t\t<\/div>\n\n\t\t\t\t\t\t\t\t\t\t\t\t\t\n\t\t\t\t\t\t\t\t\t\t\t\t\t\t<div class=\"vlt-showcase-content\">\n\t\t\t\t\t\t\t\t\t\t\t\t\t\t\t<p><b>Activity day: <\/b>01\/07\/2021<br\/>\n<b>Time: <\/b>05:00 \u2013 18:00<br\/>\n<b>Material:<\/b> Steingemisch, Eisen, Hammer, Farbspray<\/p>\n\t\t\t\t\t\t\t\t\t\t\t\t\t\t<\/div>\n\n\t\t\t\t\t\t\t\t\t\t\t\t\t\n\t\t\t\t\t\t\t\t\t\t\t\t<\/div>\n\n\t\t\t\t\t\t\t\t\t\t\t<\/div>\n\n\t\t\t\t\t\t\t\t\t\t\n\t\t\t\t\t\t\t\t\t\t\t\n\t\t\t\t\t\t\t\t\t\t\t<div class=\"swiper-slide\">\n\n\t\t\t\t\t\t\t\t\t\t\t\t<div class=\"vlt-showcase-item\">\n\n\t\t\t\t\t\t\t\t\t\t\t\t\t\n\t\t\t\t\t\t\t\t\t\t\t\t\t\t<div class=\"vlt-showcase-image\">\n\n\t\t\t\t\t\t\t\t\t\t\t\t\t\t\t<img decoding=\"async\" class=\"swiper-lazy\" src=\"\" data-src=\"https:\/\/fauxconcede.com\/wp-content\/uploads\/2023\/02\/05_blasenkopf.png\" alt=\"05_blasenkopf\">\n\t\t\t\t\t\t\t\t\t\t\t\t\t\t\t<div class=\"swiper-lazy-preloader\"><\/div>\n\n\t\t\t\t\t\t\t\t\t\t\t\t\t\t<\/div>\n\n\t\t\t\t\t\t\t\t\t\t\t\t\t\n\t\t\t\t\t\t\t\t\t\t\t\t\t<div class=\"vlt-showcase-meta rc-showcase-meta\">\n\n\t\t\t\t\t\t\t\t\t\t\t\t\t\t\n\t\t\t\t\t\t\t\t\t\t\t\t\t\t\n\t\t\t\t\t\t\t\t\t\t\t\t\t\t\n\t\t\t\t\t\t\t\t\t\t\t\t\t\t\t<div>\n\t\t\t\t\t\t\t\t\t\t\t\t\t\t\t\t<h5 class=\"vlt-showcase-meta__title\">Datum<\/h5>\n\t\t\t\t\t\t\t\t\t\t\t\t\t\t\t\t<p class=\"vlt-showcase-meta__text\">01 Aug, 2021<\/p>\n\t\t\t\t\t\t\t\t\t\t\t\t\t\t\t<\/div>\n\n\t\t\t\t\t\t\t\t\t\t\t\t\t\t\n\t\t\t\t\t\t\t\t\t\t\t\t\t<\/div>\n\n\t\t\t\t\t\t\t\t\t\t\t\t\t\n\t\t\t\t\t\t\t\t\t\t\t\t\t\t<div class=\"vlt-showcase-content\">\n\t\t\t\t\t\t\t\t\t\t\t\t\t\t\t<p><b>Activity day: <\/b>01\/08\/2021<br\/>\n<b>Time: <\/b>15:00 \u2013 21:00<br\/>\n<b>Material:<\/b> Seifenblasen Maschine, Pappmaschee, grauer Lack, schwarzer Lack, Klarlack, 2 m Form Rohr<\/p>\n\t\t\t\t\t\t\t\t\t\t\t\t\t\t<\/div>\n\n\t\t\t\t\t\t\t\t\t\t\t\t\t\n\t\t\t\t\t\t\t\t\t\t\t\t<\/div>\n\n\t\t\t\t\t\t\t\t\t\t\t<\/div>\n\n\t\t\t\t\t\t\t\t\t\t\n\t\t\t\t\t\t\t\t\t\t\t\n\t\t\t\t\t\t\t\t\t\t\t<div class=\"swiper-slide\">\n\n\t\t\t\t\t\t\t\t\t\t\t\t<div class=\"vlt-showcase-item\">\n\n\t\t\t\t\t\t\t\t\t\t\t\t\t\n\t\t\t\t\t\t\t\t\t\t\t\t\t\t<div class=\"vlt-showcase-image\">\n\n\t\t\t\t\t\t\t\t\t\t\t\t\t\t\t<img decoding=\"async\" class=\"swiper-lazy\" src=\"\" data-src=\"https:\/\/fauxconcede.com\/wp-content\/uploads\/2023\/06\/julfrank.png\" alt=\"julfrank\">\n\t\t\t\t\t\t\t\t\t\t\t\t\t\t\t<div class=\"swiper-lazy-preloader\"><\/div>\n\n\t\t\t\t\t\t\t\t\t\t\t\t\t\t<\/div>\n\n\t\t\t\t\t\t\t\t\t\t\t\t\t\n\t\t\t\t\t\t\t\t\t\t\t\t\t<div class=\"vlt-showcase-meta rc-showcase-meta\">\n\n\t\t\t\t\t\t\t\t\t\t\t\t\t\t\n\t\t\t\t\t\t\t\t\t\t\t\t\t\t\n\t\t\t\t\t\t\t\t\t\t\t\t\t\t\n\t\t\t\t\t\t\t\t\t\t\t\t\t\t\t<div>\n\t\t\t\t\t\t\t\t\t\t\t\t\t\t\t\t<h5 class=\"vlt-showcase-meta__title\">Datum<\/h5>\n\t\t\t\t\t\t\t\t\t\t\t\t\t\t\t\t<p class=\"vlt-showcase-meta__text\">01 Sep, 2021<\/p>\n\t\t\t\t\t\t\t\t\t\t\t\t\t\t\t<\/div>\n\n\t\t\t\t\t\t\t\t\t\t\t\t\t\t\n\t\t\t\t\t\t\t\t\t\t\t\t\t<\/div>\n\n\t\t\t\t\t\t\t\t\t\t\t\t\t\n\t\t\t\t\t\t\t\t\t\t\t\t\t\t<div class=\"vlt-showcase-content\">\n\t\t\t\t\t\t\t\t\t\t\t\t\t\t\t<p><b>Activity day: <\/b>01\/09\/2021<br\/>\n<b>Time:<\/b> 06:00 \u2013 16:00<br\/>\n<b>Material:<\/b> Rasenm\u00e4her, wei\u00dfe Arbeitsbekleidung, wei\u00dfe Gummistiefel\n<\/p>\n\t\t\t\t\t\t\t\t\t\t\t\t\t\t<\/div>\n\n\t\t\t\t\t\t\t\t\t\t\t\t\t\n\t\t\t\t\t\t\t\t\t\t\t\t<\/div>\n\n\t\t\t\t\t\t\t\t\t\t\t<\/div>\n\n\t\t\t\t\t\t\t\t\t\t\n\t\t\t\t\t\t\t\t\t\t\t\n\t\t\t\t\t\t\t\t\t\t\t<div class=\"swiper-slide\">\n\n\t\t\t\t\t\t\t\t\t\t\t\t<div class=\"vlt-showcase-item\">\n\n\t\t\t\t\t\t\t\t\t\t\t\t\t\n\t\t\t\t\t\t\t\t\t\t\t\t\t\t<div class=\"vlt-showcase-image\">\n\n\t\t\t\t\t\t\t\t\t\t\t\t\t\t\t<img decoding=\"async\" class=\"swiper-lazy\" src=\"\" data-src=\"https:\/\/fauxconcede.com\/wp-content\/uploads\/2023\/02\/07_grid_nr1.png\" alt=\"07_grid_nr1\">\n\t\t\t\t\t\t\t\t\t\t\t\t\t\t\t<div class=\"swiper-lazy-preloader\"><\/div>\n\n\t\t\t\t\t\t\t\t\t\t\t\t\t\t<\/div>\n\n\t\t\t\t\t\t\t\t\t\t\t\t\t\n\t\t\t\t\t\t\t\t\t\t\t\t\t<div class=\"vlt-showcase-meta rc-showcase-meta\">\n\n\t\t\t\t\t\t\t\t\t\t\t\t\t\t\n\t\t\t\t\t\t\t\t\t\t\t\t\t\t\n\t\t\t\t\t\t\t\t\t\t\t\t\t\t\n\t\t\t\t\t\t\t\t\t\t\t\t\t\t\t<div>\n\t\t\t\t\t\t\t\t\t\t\t\t\t\t\t\t<h5 class=\"vlt-showcase-meta__title\">Datum<\/h5>\n\t\t\t\t\t\t\t\t\t\t\t\t\t\t\t\t<p class=\"vlt-showcase-meta__text\">01 Oct, 2021<\/p>\n\t\t\t\t\t\t\t\t\t\t\t\t\t\t\t<\/div>\n\n\t\t\t\t\t\t\t\t\t\t\t\t\t\t\n\t\t\t\t\t\t\t\t\t\t\t\t\t<\/div>\n\n\t\t\t\t\t\t\t\t\t\t\t\t\t\n\t\t\t\t\t\t\t\t\t\t\t\t\t\t<div class=\"vlt-showcase-content\">\n\t\t\t\t\t\t\t\t\t\t\t\t\t\t\t<p><b>Activity day: <\/b>01\/10\/2021<br\/>\n<b>Time: <\/b>05:00 \u2013 22:00<br\/>\n<b>Material: <\/b>Holzlatten (5 cm x 5cm), Schrauben, Schwarze Farbe\n<\/p>\n\t\t\t\t\t\t\t\t\t\t\t\t\t\t<\/div>\n\n\t\t\t\t\t\t\t\t\t\t\t\t\t\n\t\t\t\t\t\t\t\t\t\t\t\t<\/div>\n\n\t\t\t\t\t\t\t\t\t\t\t<\/div>\n\n\t\t\t\t\t\t\t\t\t\t\n\t\t\t\t\t\t\t\t\t\t\t\n\t\t\t\t\t\t\t\t\t\t\t<div class=\"swiper-slide\">\n\n\t\t\t\t\t\t\t\t\t\t\t\t<div class=\"vlt-showcase-item\">\n\n\t\t\t\t\t\t\t\t\t\t\t\t\t\n\t\t\t\t\t\t\t\t\t\t\t\t\t\t<div class=\"vlt-showcase-image\">\n\n\t\t\t\t\t\t\t\t\t\t\t\t\t\t\t<img decoding=\"async\" class=\"swiper-lazy\" src=\"\" data-src=\"https:\/\/fauxconcede.com\/wp-content\/uploads\/2023\/01\/08_kette_III-e1677420745639.png\" alt=\"08_kette_III\">\n\t\t\t\t\t\t\t\t\t\t\t\t\t\t\t<div class=\"swiper-lazy-preloader\"><\/div>\n\n\t\t\t\t\t\t\t\t\t\t\t\t\t\t<\/div>\n\n\t\t\t\t\t\t\t\t\t\t\t\t\t\n\t\t\t\t\t\t\t\t\t\t\t\t\t<div class=\"vlt-showcase-meta rc-showcase-meta\">\n\n\t\t\t\t\t\t\t\t\t\t\t\t\t\t\n\t\t\t\t\t\t\t\t\t\t\t\t\t\t\n\t\t\t\t\t\t\t\t\t\t\t\t\t\t\n\t\t\t\t\t\t\t\t\t\t\t\t\t\t\t<div>\n\t\t\t\t\t\t\t\t\t\t\t\t\t\t\t\t<h5 class=\"vlt-showcase-meta__title\">Datum<\/h5>\n\t\t\t\t\t\t\t\t\t\t\t\t\t\t\t\t<p class=\"vlt-showcase-meta__text\">01 Nov, 2021<\/p>\n\t\t\t\t\t\t\t\t\t\t\t\t\t\t\t<\/div>\n\n\t\t\t\t\t\t\t\t\t\t\t\t\t\t\n\t\t\t\t\t\t\t\t\t\t\t\t\t<\/div>\n\n\t\t\t\t\t\t\t\t\t\t\t\t\t\n\t\t\t\t\t\t\t\t\t\t\t\t\t\t<div class=\"vlt-showcase-content\">\n\t\t\t\t\t\t\t\t\t\t\t\t\t\t\t<p><b>Activity day: <\/b>01\/11\/2021<br\/>\n<b>Time: <\/b>05:00 \u2013 16:00<br\/>\n<b>Material: <\/b>Installationsrohre (26 m), 2 Stahlseile (80 m, \u00f8 5 mm)<\/p>\n\t\t\t\t\t\t\t\t\t\t\t\t\t\t<\/div>\n\n\t\t\t\t\t\t\t\t\t\t\t\t\t\n\t\t\t\t\t\t\t\t\t\t\t\t<\/div>\n\n\t\t\t\t\t\t\t\t\t\t\t<\/div>\n\n\t\t\t\t\t\t\t\t\t\t\n\t\t\t\t\t\t\t\t\t\t\t\n\t\t\t\t\t\t\t\t\t\t\t<div class=\"swiper-slide\">\n\n\t\t\t\t\t\t\t\t\t\t\t\t<div class=\"vlt-showcase-item\">\n\n\t\t\t\t\t\t\t\t\t\t\t\t\t\n\t\t\t\t\t\t\t\t\t\t\t\t\t\t<div class=\"vlt-showcase-image\">\n\n\t\t\t\t\t\t\t\t\t\t\t\t\t\t\t<img decoding=\"async\" class=\"swiper-lazy\" src=\"\" data-src=\"https:\/\/fauxconcede.com\/wp-content\/uploads\/2023\/02\/09_capture.png\" alt=\"09_capture\">\n\t\t\t\t\t\t\t\t\t\t\t\t\t\t\t<div class=\"swiper-lazy-preloader\"><\/div>\n\n\t\t\t\t\t\t\t\t\t\t\t\t\t\t<\/div>\n\n\t\t\t\t\t\t\t\t\t\t\t\t\t\n\t\t\t\t\t\t\t\t\t\t\t\t\t<div class=\"vlt-showcase-meta rc-showcase-meta\">\n\n\t\t\t\t\t\t\t\t\t\t\t\t\t\t\n\t\t\t\t\t\t\t\t\t\t\t\t\t\t\n\t\t\t\t\t\t\t\t\t\t\t\t\t\t\n\t\t\t\t\t\t\t\t\t\t\t\t\t\t\t<div>\n\t\t\t\t\t\t\t\t\t\t\t\t\t\t\t\t<h5 class=\"vlt-showcase-meta__title\">Datum<\/h5>\n\t\t\t\t\t\t\t\t\t\t\t\t\t\t\t\t<p class=\"vlt-showcase-meta__text\">01 Dec, 2021<\/p>\n\t\t\t\t\t\t\t\t\t\t\t\t\t\t\t<\/div>\n\n\t\t\t\t\t\t\t\t\t\t\t\t\t\t\n\t\t\t\t\t\t\t\t\t\t\t\t\t<\/div>\n\n\t\t\t\t\t\t\t\t\t\t\t\t\t\n\t\t\t\t\t\t\t\t\t\t\t\t\t\t<div class=\"vlt-showcase-content\">\n\t\t\t\t\t\t\t\t\t\t\t\t\t\t\t<p><b>Activity day: <\/b>01\/12\/2021<br\/>\n<b>Time: <\/b>00:00 \u2013 24:00<br\/>\n<b>Material: <\/b>40 wei\u00dfe Leint\u00fccher, blaues Farbmittel, 65 m Stahlseile \u00d8 5mm<\/p>\n\t\t\t\t\t\t\t\t\t\t\t\t\t\t<\/div>\n\n\t\t\t\t\t\t\t\t\t\t\t\t\t\n\t\t\t\t\t\t\t\t\t\t\t\t<\/div>\n\n\t\t\t\t\t\t\t\t\t\t\t<\/div>\n\n\t\t\t\t\t\t\t\t\t\t\n\t\t\t\t\t\t\t\t\t\t\t\n\t\t\t\t\t\t\t\t\t\t\t<div class=\"swiper-slide\">\n\n\t\t\t\t\t\t\t\t\t\t\t\t<div class=\"vlt-showcase-item\">\n\n\t\t\t\t\t\t\t\t\t\t\t\t\t\n\t\t\t\t\t\t\t\t\t\t\t\t\t\t<div class=\"vlt-showcase-image\">\n\n\t\t\t\t\t\t\t\t\t\t\t\t\t\t\t<img decoding=\"async\" class=\"swiper-lazy\" src=\"\" data-src=\"https:\/\/fauxconcede.com\/wp-content\/uploads\/2023\/01\/10_bar_lissa.png\" alt=\"10_bar_lissa\">\n\t\t\t\t\t\t\t\t\t\t\t\t\t\t\t<div class=\"swiper-lazy-preloader\"><\/div>\n\n\t\t\t\t\t\t\t\t\t\t\t\t\t\t<\/div>\n\n\t\t\t\t\t\t\t\t\t\t\t\t\t\n\t\t\t\t\t\t\t\t\t\t\t\t\t<div class=\"vlt-showcase-meta rc-showcase-meta\">\n\n\t\t\t\t\t\t\t\t\t\t\t\t\t\t\n\t\t\t\t\t\t\t\t\t\t\t\t\t\t\n\t\t\t\t\t\t\t\t\t\t\t\t\t\t\n\t\t\t\t\t\t\t\t\t\t\t\t\t\t\t<div>\n\t\t\t\t\t\t\t\t\t\t\t\t\t\t\t\t<h5 class=\"vlt-showcase-meta__title\">Datum<\/h5>\n\t\t\t\t\t\t\t\t\t\t\t\t\t\t\t\t<p class=\"vlt-showcase-meta__text\">01 Jan, 2022<\/p>\n\t\t\t\t\t\t\t\t\t\t\t\t\t\t\t<\/div>\n\n\t\t\t\t\t\t\t\t\t\t\t\t\t\t\n\t\t\t\t\t\t\t\t\t\t\t\t\t<\/div>\n\n\t\t\t\t\t\t\t\t\t\t\t\t\t\n\t\t\t\t\t\t\t\t\t\t\t\t\t\t<div class=\"vlt-showcase-content\">\n\t\t\t\t\t\t\t\t\t\t\t\t\t\t\t<p><b>Activity day: <\/b>01\/01\/2022<br\/>\n<b>Time:<\/b> 00:00 \u2013 24:00<br\/>\n<b>Material: <\/b>Holzkonstruktion: 2 Holzbalken (15 cm x 15 cm x 10 m), 50 Fliesen, Schwarzes Spray, Feuerwerksraketen, 150 Jahre alte antike Figuren. <\/p>\n\t\t\t\t\t\t\t\t\t\t\t\t\t\t<\/div>\n\n\t\t\t\t\t\t\t\t\t\t\t\t\t\n\t\t\t\t\t\t\t\t\t\t\t\t<\/div>\n\n\t\t\t\t\t\t\t\t\t\t\t<\/div>\n\n\t\t\t\t\t\t\t\t\t\t\n\t\t\t\t\t\t\t\t\t\t\t\n\t\t\t\t\t\t\t\t\t\t\t<div class=\"swiper-slide\">\n\n\t\t\t\t\t\t\t\t\t\t\t\t<div class=\"vlt-showcase-item\">\n\n\t\t\t\t\t\t\t\t\t\t\t\t\t\n\t\t\t\t\t\t\t\t\t\t\t\t\t\t<div class=\"vlt-showcase-image\">\n\n\t\t\t\t\t\t\t\t\t\t\t\t\t\t\t<img decoding=\"async\" class=\"swiper-lazy\" src=\"\" data-src=\"https:\/\/fauxconcede.com\/wp-content\/uploads\/2023\/01\/c14.jpg\" alt=\"c14\">\n\t\t\t\t\t\t\t\t\t\t\t\t\t\t\t<div class=\"swiper-lazy-preloader\"><\/div>\n\n\t\t\t\t\t\t\t\t\t\t\t\t\t\t<\/div>\n\n\t\t\t\t\t\t\t\t\t\t\t\t\t\n\t\t\t\t\t\t\t\t\t\t\t\t\t<div class=\"vlt-showcase-meta rc-showcase-meta\">\n\n\t\t\t\t\t\t\t\t\t\t\t\t\t\t\n\t\t\t\t\t\t\t\t\t\t\t\t\t\t\n\t\t\t\t\t\t\t\t\t\t\t\t\t\t\n\t\t\t\t\t\t\t\t\t\t\t\t\t\t\t<div>\n\t\t\t\t\t\t\t\t\t\t\t\t\t\t\t\t<h5 class=\"vlt-showcase-meta__title\">Datum<\/h5>\n\t\t\t\t\t\t\t\t\t\t\t\t\t\t\t\t<p class=\"vlt-showcase-meta__text\">01 Feb, 2022<\/p>\n\t\t\t\t\t\t\t\t\t\t\t\t\t\t\t<\/div>\n\n\t\t\t\t\t\t\t\t\t\t\t\t\t\t\n\t\t\t\t\t\t\t\t\t\t\t\t\t<\/div>\n\n\t\t\t\t\t\t\t\t\t\t\t\t\t\n\t\t\t\t\t\t\t\t\t\t\t\t\t\t<div class=\"vlt-showcase-content\">\n\t\t\t\t\t\t\t\t\t\t\t\t\t\t\t<p><b>Activity day: <\/b>01\/02\/2022<br\/>\n<b>Time:<\/b> 07:24 \u2013 21:30<br\/>\n<b>Material: <\/b>Spiegel, Stahl, Stahlseile, Kletterseile<\/p>\n\t\t\t\t\t\t\t\t\t\t\t\t\t\t<\/div>\n\n\t\t\t\t\t\t\t\t\t\t\t\t\t\n\t\t\t\t\t\t\t\t\t\t\t\t<\/div>\n\n\t\t\t\t\t\t\t\t\t\t\t<\/div>\n\n\t\t\t\t\t\t\t\t\t\t\n\t\t\t\t\t\t\t\t\t\t\t\n\t\t\t\t\t\t\t\t\t\t\t<div class=\"swiper-slide\">\n\n\t\t\t\t\t\t\t\t\t\t\t\t<div class=\"vlt-showcase-item\">\n\n\t\t\t\t\t\t\t\t\t\t\t\t\t\n\t\t\t\t\t\t\t\t\t\t\t\t\t\t<div class=\"vlt-showcase-image\">\n\n\t\t\t\t\t\t\t\t\t\t\t\t\t\t\t<img decoding=\"async\" class=\"swiper-lazy\" src=\"\" data-src=\"https:\/\/fauxconcede.com\/wp-content\/uploads\/2023\/01\/12_lichtfeld-e1676735732318.png\" alt=\"12_lichtfeld\">\n\t\t\t\t\t\t\t\t\t\t\t\t\t\t\t<div class=\"swiper-lazy-preloader\"><\/div>\n\n\t\t\t\t\t\t\t\t\t\t\t\t\t\t<\/div>\n\n\t\t\t\t\t\t\t\t\t\t\t\t\t\n\t\t\t\t\t\t\t\t\t\t\t\t\t<div class=\"vlt-showcase-meta rc-showcase-meta\">\n\n\t\t\t\t\t\t\t\t\t\t\t\t\t\t\n\t\t\t\t\t\t\t\t\t\t\t\t\t\t\t<div>\n\t\t\t\t\t\t\t\t\t\t\t\t\t\t\t\t<h5 class=\"vlt-showcase-meta__title\">Material<\/h5>\n\t\t\t\t\t\t\t\t\t\t\t\t\t\t\t\t<p class=\"vlt-showcase-meta__text\">13 PVC-Rohre (5 m), 2 Laser (rot, violett), 4 Spiegel (10 cm x 15 cm) 12 Rauchbomben<\/p>\n\t\t\t\t\t\t\t\t\t\t\t\t\t\t\t<\/div>\n\n\t\t\t\t\t\t\t\t\t\t\t\t\t\t\n\t\t\t\t\t\t\t\t\t\t\t\t\t\t\n\t\t\t\t\t\t\t\t\t\t\t\t\t\t\n\t\t\t\t\t\t\t\t\t\t\t\t\t\t\t<div>\n\t\t\t\t\t\t\t\t\t\t\t\t\t\t\t\t<h5 class=\"vlt-showcase-meta__title\">Datum<\/h5>\n\t\t\t\t\t\t\t\t\t\t\t\t\t\t\t\t<p class=\"vlt-showcase-meta__text\">01 Mar, 2022<\/p>\n\t\t\t\t\t\t\t\t\t\t\t\t\t\t\t<\/div>\n\n\t\t\t\t\t\t\t\t\t\t\t\t\t\t\n\t\t\t\t\t\t\t\t\t\t\t\t\t<\/div>\n\n\t\t\t\t\t\t\t\t\t\t\t\t\t\n\t\t\t\t\t\t\t\t\t\t\t\t\t\t<div class=\"vlt-showcase-content\">\n\t\t\t\t\t\t\t\t\t\t\t\t\t\t\t<p><b>Activity day: <\/b>01\/03\/2022<br\/>\n<b>Time:<\/b> 00:00 \u2013 24:00<br\/>\n<b>Material:<\/b>\n13 PVC-Rohre (5 m), 2 Laser (rot, violett), 4 Spiegel (10 cm x 15 cm)\n12 Rauchbomben<\/p>\n\t\t\t\t\t\t\t\t\t\t\t\t\t\t<\/div>\n\n\t\t\t\t\t\t\t\t\t\t\t\t\t\n\t\t\t\t\t\t\t\t\t\t\t\t<\/div>\n\n\t\t\t\t\t\t\t\t\t\t\t<\/div>\n\n\t\t\t\t\t\t\t\t\t\t\n\t\t\t\t\t\t\t\t\t<\/div>\n\n\t\t\t\t\t\t\t\t<\/div>\n\n\t\t\t\t\t\t\t<\/div>\n\n\t\t\t\t\t\t<\/div>\n\n\t\t\t\t\t<\/div>\n\n\t\t\t\t<\/div>\n\n\t\t\t<\/div>\n\n\t\t<\/div>\n\n\t\t\t\t<\/div>\n\t\t\t\t<\/div>\n\t\t\t\t\t<\/div>\n\t\t<\/div>\n\t\t\t\t\t\t\t<\/div>\n\t\t<\/section>\n\t\t\t\t\t\t\t<\/div>\n\t\t","protected":false},"excerpt":{"rendered":"<p>Fruchtbarkeit Thean Chie Chan Dao Ma Jia Spiel mit Florian Karl Karner Blasenkopf Alfredo Barsuglia CUT MY EDGE Julia Frank [grid]x Nr.1 Wolfgang Becksteiner Kette III Almut Reichenbach Capture Marit Wolters BAR LISSA Markus Proschek Unfinished (earth:sky) Bianca Phos LICHTFELD Robert Bodnar Datum 01 Apr, 2021 Activity day: 01\/04\/2021 Time: 00:00 \u2013 24:00 Material: Kalk, [&hellip;]<\/p>\n","protected":false},"author":1,"featured_media":0,"parent":0,"menu_order":7,"comment_status":"closed","ping_status":"closed","template":"template-custom-page.php","meta":{"inline_featured_image":false,"_vp_format_video_url":"","_vp_image_focal_point":[],"footnotes":""},"class_list":["post-12998","page","type-page","status-publish","hentry"],"_links":{"self":[{"href":"https:\/\/fauxconcede.com\/en\/wp-json\/wp\/v2\/pages\/12998","targetHints":{"allow":["GET"]}}],"collection":[{"href":"https:\/\/fauxconcede.com\/en\/wp-json\/wp\/v2\/pages"}],"about":[{"href":"https:\/\/fauxconcede.com\/en\/wp-json\/wp\/v2\/types\/page"}],"author":[{"embeddable":true,"href":"https:\/\/fauxconcede.com\/en\/wp-json\/wp\/v2\/users\/1"}],"replies":[{"embeddable":true,"href":"https:\/\/fauxconcede.com\/en\/wp-json\/wp\/v2\/comments?post=12998"}],"version-history":[{"count":4,"href":"https:\/\/fauxconcede.com\/en\/wp-json\/wp\/v2\/pages\/12998\/revisions"}],"predecessor-version":[{"id":13005,"href":"https:\/\/fauxconcede.com\/en\/wp-json\/wp\/v2\/pages\/12998\/revisions\/13005"}],"wp:attachment":[{"href":"https:\/\/fauxconcede.com\/en\/wp-json\/wp\/v2\/media?parent=12998"}],"curies":[{"name":"wp","href":"https:\/\/api.w.org\/{rel}","templated":true}]}}